{"id":15248,"date":"2022-03-16T17:30:48","date_gmt":"2022-03-16T16:30:48","guid":{"rendered":"https:\/\/naturisme.be\/?page_id=15248"},"modified":"2023-09-27T19:17:21","modified_gmt":"2023-09-27T17:17:21","slug":"conditions-generales","status":"publish","type":"page","link":"https:\/\/naturisme.be\/fr\/conditions-generales\/","title":{"rendered":"Conditions g\u00e9n\u00e9rales"},"content":{"rendered":"\t\t<div data-elementor-type=\"wp-page\" data-elementor-id=\"15248\" class=\"elementor elementor-15248 elementor-14752\" data-elementor-post-type=\"page\">\n\t\t\t\t\t\t<section class=\"elementor-section elementor-top-section elementor-element elementor-element-366f6bc3 elementor-section-boxed elementor-section-height-default elementor-section-height-default\" data-id=\"366f6bc3\" data-element_type=\"section\" data-e-type=\"section\">\n\t\t\t\t\t\t<div class=\"elementor-container elementor-column-gap-default\">\n\t\t\t\t\t<div class=\"elementor-column elementor-col-100 elementor-top-column elementor-element elementor-element-31ad6139\" data-id=\"31ad6139\" data-element_type=\"column\" data-e-type=\"column\">\n\t\t\t<div class=\"elementor-widget-wrap elementor-element-populated\">\n\t\t\t\t\t\t<div class=\"elementor-element elementor-element-163d6abc elementor-widget elementor-widget-text-editor\" data-id=\"163d6abc\" data-element_type=\"widget\" data-e-type=\"widget\" data-widget_type=\"text-editor.default\">\n\t\t\t\t<div class=\"elementor-widget-container\">\n\t\t\t\t\t\t\t\t\t<h2 class=\"title\"><strong>Conditions g\u00e9n\u00e9rales Boutique FBN<\/strong><\/h2>\n<p><strong>&nbsp;<\/strong><\/p>\n<p><strong>Article 1 : Statut<\/strong><\/p>\n<p>La boutique en ligne est le point de vente en ligne de la FBN, la F\u00e9d\u00e9ration Belge de Naturisme a.s.b.l., destin\u00e9e \u00e0 la fourniture d&rsquo;articles en promotion et \u00e0 l&rsquo;enregistrement des r\u00e9servations \u00e0 ses propres activit\u00e9s et \u00e0 celles de tiers, tels que des clubs et f\u00e9d\u00e9rations naturistes.<\/p>\n<p><\/p>\n<p>Si\u00e8ge social :<\/p>\n<p>Brusselstraat 51<\/p>\n<p>20148 Antwerpen<\/p>\n<p>Belgique<\/p>\n<p>&nbsp;Num\u00e9ro d&rsquo;entreprise : 0409.542.116<\/p>\n<p><\/p>\n<p><strong>Article 2 : Modalit\u00e9s de paiement <\/strong><\/p>\n<p>Les articles command\u00e9s via la boutique en ligne sont \u00e0 payer imm\u00e9diatement par une transaction bancaire en ligne. Les donn\u00e9es exactes (num\u00e9ro de compte, num\u00e9ro de r\u00e9f\u00e9rence de la commande, montant \u00e0 payer, destinataire, etc.) figurent sur l&rsquo;\u00e9cran qui appara\u00eet quand se d\u00e9roule la transaction bancaire, et avant que l&rsquo;acheteur ne retire la carte du lecteur de carte. Les paiements doivent \u00eatre effectu\u00e9s imm\u00e9diatement. La commande est automatiquement annul\u00e9e si le paiement ne se fait pas imm\u00e9diatement.<\/p>\n<p><\/p>\n<p><strong>Article 3 : Frais li\u00e9s aux achats en ligne<\/strong><\/p>\n<p>La FBN ne facture pas de frais administratifs pour une transaction de paiement via la boutique en ligne.<\/p>\n<p><\/p>\n<p><strong>Article 4 : Remboursement <\/strong><\/p>\n<p>Apr\u00e8s paiement, les articles command\u00e9s seront envoy\u00e9s imm\u00e9diatement \u00e0 l&rsquo;acheteur.<br>En cas d&rsquo;annulation, et conform\u00e9ment \u00e0 l&rsquo;article 8 ci-dessous, la FBN se r\u00e9serve le droit de r\u00e9clamer des<br>frais administratifs \u00e0 l&rsquo;acheteur.<\/p>\n<p>Les billets pour la r\u00e9servation d&rsquo;une activit\u00e9 ne seront ni \u00e9chang\u00e9s ni rembours\u00e9s.<\/p>\n<p><\/p>\n<p><strong>Article 5 : Billets \u00e9lectroniques et preuves d&rsquo;inscription <\/strong><\/p>\n<p>Apr\u00e8s confirmation du paiement, l&rsquo;acheteur re\u00e7oit imm\u00e9diatement les billets \u00e9lectroniques par courrier \u00e9lectronique. Les billets \u00e9lectroniques (num\u00e9riques ou sur papier) sont pourvus d&rsquo;un code QR, et il vous faut les apporter \u00e0 l&rsquo;activit\u00e9, ils font office de preuve de paiement et de billet d&rsquo;acc\u00e8s. Ils octroient \u00e0 leur d\u00e9tenteur le droit d&rsquo;acc\u00e8s \u00e0 l&rsquo;activit\u00e9 sous r\u00e9serve de respecter les conditions particuli\u00e8res exig\u00e9es pour l&rsquo;activit\u00e9 concern\u00e9e (par exemple la pr\u00e9sentation de la carte FBN et de la carte d&rsquo;identit\u00e9).<\/p>\n<p><\/p>\n<p><strong>Article 6 : Abus<\/strong><\/p>\n<p>Les billets sont en principe personnels et ne peuvent pas \u00eatre revendus ou c\u00e9d\u00e9s, sauf aux personnes qui satisfont aux conditions particuli\u00e8res pour participer \u00e0 l&rsquo;activit\u00e9 en question.<\/p>\n<p><\/p>\n<p><strong>Article 7 : Donn\u00e9es personnelles<\/strong><\/p>\n<p>Les donn\u00e9es personnelles seront utilis\u00e9es pour traiter une commande et \u00e0 d&rsquo;autres fins, telles que d\u00e9crites dans notre <a href=\"https:\/\/naturisme.be\/fr\/politique-de-confidentialit\u00e9\" target=\"_blank\" rel=\"noopener\">politique de confidentialit\u00e9<\/a>. Les donn\u00e9es personnelles ne sont jamais communiqu\u00e9es \u00e0 des tiers. Les informations personnelles fournies sont \u00e9galement consign\u00e9es afin de pouvoir r\u00e9aliser les contr\u00f4les indispensables pendant l&rsquo;activit\u00e9.&nbsp;<\/p>\n<p><\/p>\n<p><strong>Article 8 :<\/strong><\/p>\n<p>Comme le pr\u00e9voit la loi, l&rsquo;acheteur dispose, apr\u00e8s r\u00e9ception du produit achet\u00e9, d&rsquo;une p\u00e9riode de quatorze<br>jours ouvrables pour annuler l&rsquo;achat ou signaler une erreur dans la commande. L&rsquo;acheteur doit notifier ceci<br>exclusivement par \u00e9crit en envoyant un courrier \u00e9lectronique \u00e0 <a href=\"mailto:shop@naturisme.be\">shop@naturisme.be<\/a><\/p><p>Les billets achet\u00e9s en ligne ne font pas l&rsquo;objet d&rsquo;un droit de retour et ne sont pas rembours\u00e9s, sauf en cas \nd&rsquo;annulation de l&rsquo;\u00e9v\u00e9nement ou de modification de la date ou du lieu de l&rsquo;\u00e9v\u00e9nement.&nbsp;<br><\/p>\n<p><\/p>\n<p><strong>Article 9 :<\/strong><\/p>\n<p>L&rsquo;acheteur reconna\u00eet avoir pris connaissance de ces conditions g\u00e9n\u00e9rales et d\u00e9clare \u00eatre d&rsquo;accord avec elles.<br>L&rsquo;acheteur\/se donne son accord au moment du paiement.<\/p>\n<p><\/p>\n<p><strong>Article 10 : <\/strong><\/p>\n<p>Seul le droit belge est d&rsquo;application dans les relations entre acheteur et vendeur en rapport avec ces<br>conditions g\u00e9n\u00e9rales. Les tribunaux du si\u00e8ge social de la FBN sont comp\u00e9tents en cas de litige.<\/p>\n<p><\/p>\n<p><em>\u201cLes pr\u00e9sentes Conditions G\u00e9n\u00e9rales peuvent \u00eatre consult\u00e9es en diff\u00e9rentes langues. En cas de diff\u00e9rence<br>entre les versions, la version en n\u00e9erlandais pr\u00e9vaut..\u201d<\/em><\/p>\n<p><\/p>\t\t\t\t\t\t\t\t<\/div>\n\t\t\t\t<\/div>\n\t\t\t\t\t<\/div>\n\t\t<\/div>\n\t\t\t\t\t<\/div>\n\t\t<\/section>\n\t\t\t\t<section class=\"elementor-section elementor-top-section elementor-element elementor-element-7b980ec elementor-section-boxed elementor-section-height-default elementor-section-height-default\" data-id=\"7b980ec\" data-element_type=\"section\" data-e-type=\"section\">\n\t\t\t\t\t\t<div class=\"elementor-container elementor-column-gap-default\">\n\t\t\t\t\t<div class=\"elementor-column elementor-col-100 elementor-top-column elementor-element elementor-element-6c24fd4\" data-id=\"6c24fd4\" data-element_type=\"column\" data-e-type=\"column\">\n\t\t\t<div class=\"elementor-widget-wrap\">\n\t\t\t\t\t\t\t<\/div>\n\t\t<\/div>\n\t\t\t\t\t<\/div>\n\t\t<\/section>\n\t\t\t\t<section class=\"elementor-section elementor-top-section elementor-element elementor-element-6e4df08 elementor-section-boxed elementor-section-height-default elementor-section-height-default\" data-id=\"6e4df08\" data-element_type=\"section\" data-e-type=\"section\">\n\t\t\t\t\t\t<div class=\"elementor-container elementor-column-gap-default\">\n\t\t\t\t\t<div class=\"elementor-column elementor-col-100 elementor-top-column elementor-element elementor-element-4878fec\" data-id=\"4878fec\" data-element_type=\"column\" data-e-type=\"column\">\n\t\t\t<div class=\"elementor-widget-wrap elementor-element-populated\">\n\t\t\t\t\t\t<div class=\"elementor-element elementor-element-360a902 elementor-widget elementor-widget-spacer\" data-id=\"360a902\" data-element_type=\"widget\" data-e-type=\"widget\" data-widget_type=\"spacer.default\">\n\t\t\t\t<div class=\"elementor-widget-container\">\n\t\t\t\t\t\t\t<div class=\"elementor-spacer\">\n\t\t\t<div class=\"elementor-spacer-inner\"><\/div>\n\t\t<\/div>\n\t\t\t\t\t\t<\/div>\n\t\t\t\t<\/div>\n\t\t\t\t\t<\/div>\n\t\t<\/div>\n\t\t\t\t\t<\/div>\n\t\t<\/section>\n\t\t\t\t<\/div>\n\t\t","protected":false},"excerpt":{"rendered":"<p>Conditions g\u00e9n\u00e9rales Boutique FBN &nbsp; Article 1 : Statut La boutique en ligne est le point de vente en ligne de la FBN, la F\u00e9d\u00e9ration Belge<span class=\"excerpt-hellip\"> [\u2026]<\/span><\/p>\n","protected":false},"author":1,"featured_media":0,"parent":0,"menu_order":0,"comment_status":"closed","ping_status":"closed","template":"","meta":{"_price":"","_stock":"","_tribe_ticket_header":"","_tribe_default_ticket_provider":"","_tribe_ticket_capacity":"0","_ticket_start_date":"","_ticket_end_date":"","_tribe_ticket_show_description":"","_tribe_ticket_show_not_going":false,"_tribe_ticket_use_global_stock":"","_tribe_ticket_global_stock_level":"","_global_stock_mode":"","_global_stock_cap":"","_tribe_rsvp_for_event":"","_tribe_ticket_going_count":"","_tribe_ticket_not_going_count":"","_tribe_tickets_list":"[]","_tribe_ticket_has_attendee_info_fields":false,"footnotes":"","_tec_slr_enabled":"","_tec_slr_layout":""},"class_list":["post-15248","page","type-page","status-publish","hentry"],"yoast_head":"<!-- This site is optimized with the Yoast SEO plugin v27.5 - https:\/\/yoast.com\/product\/yoast-seo-wordpress\/ -->\n<title>Conditions g\u00e9n\u00e9rales - Naturisme<\/title>\n<meta name=\"robots\" content=\"index, follow, max-snippet:-1, max-image-preview:large, max-video-preview:-1\" \/>\n<link rel=\"canonical\" href=\"https:\/\/naturisme.be\/fr\/conditions-generales\/\" \/>\n<meta property=\"og:locale\" content=\"fr_FR\" \/>\n<meta property=\"og:type\" content=\"article\" \/>\n<meta property=\"og:title\" content=\"Conditions g\u00e9n\u00e9rales - Naturisme\" \/>\n<meta property=\"og:description\" content=\"Conditions g\u00e9n\u00e9rales Boutique FBN &nbsp; Article 1 : Statut La boutique en ligne est le point de vente en ligne de la FBN, la F\u00e9d\u00e9ration Belge [\u2026]\" \/>\n<meta property=\"og:url\" content=\"https:\/\/naturisme.be\/fr\/conditions-generales\/\" \/>\n<meta property=\"og:site_name\" content=\"Naturisme\" \/>\n<meta property=\"article:publisher\" content=\"https:\/\/www.facebook.com\/FederationBelgeNaturisme\/\" \/>\n<meta property=\"article:modified_time\" content=\"2023-09-27T17:17:21+00:00\" \/>\n<meta name=\"twitter:card\" content=\"summary_large_image\" \/>\n<meta name=\"twitter:label1\" content=\"Dur\u00e9e de lecture estim\u00e9e\" \/>\n\t<meta name=\"twitter:data1\" content=\"3 minutes\" \/>\n<script type=\"application\/ld+json\" class=\"yoast-schema-graph\">{\"@context\":\"https:\\\/\\\/schema.org\",\"@graph\":[{\"@type\":\"WebPage\",\"@id\":\"https:\\\/\\\/naturisme.be\\\/fr\\\/conditions-generales\\\/\",\"url\":\"https:\\\/\\\/naturisme.be\\\/fr\\\/conditions-generales\\\/\",\"name\":\"Conditions g\u00e9n\u00e9rales - Naturisme\",\"isPartOf\":{\"@id\":\"https:\\\/\\\/naturisme.be\\\/fr\\\/#website\"},\"datePublished\":\"2022-03-16T16:30:48+00:00\",\"dateModified\":\"2023-09-27T17:17:21+00:00\",\"breadcrumb\":{\"@id\":\"https:\\\/\\\/naturisme.be\\\/fr\\\/conditions-generales\\\/#breadcrumb\"},\"inLanguage\":\"fr-FR\",\"potentialAction\":[{\"@type\":\"ReadAction\",\"target\":[\"https:\\\/\\\/naturisme.be\\\/fr\\\/conditions-generales\\\/\"]}]},{\"@type\":\"BreadcrumbList\",\"@id\":\"https:\\\/\\\/naturisme.be\\\/fr\\\/conditions-generales\\\/#breadcrumb\",\"itemListElement\":[{\"@type\":\"ListItem\",\"position\":1,\"name\":\"Home\",\"item\":\"https:\\\/\\\/naturisme.be\\\/fr\\\/\"},{\"@type\":\"ListItem\",\"position\":2,\"name\":\"Conditions g\u00e9n\u00e9rales\"}]},{\"@type\":\"WebSite\",\"@id\":\"https:\\\/\\\/naturisme.be\\\/fr\\\/#website\",\"url\":\"https:\\\/\\\/naturisme.be\\\/fr\\\/\",\"name\":\"Naturisme\",\"description\":\"Federatie van Belgische naturisten\",\"publisher\":{\"@id\":\"https:\\\/\\\/naturisme.be\\\/fr\\\/#organization\"},\"potentialAction\":[{\"@type\":\"SearchAction\",\"target\":{\"@type\":\"EntryPoint\",\"urlTemplate\":\"https:\\\/\\\/naturisme.be\\\/fr\\\/?s={search_term_string}\"},\"query-input\":{\"@type\":\"PropertyValueSpecification\",\"valueRequired\":true,\"valueName\":\"search_term_string\"}}],\"inLanguage\":\"fr-FR\"},{\"@type\":\"Organization\",\"@id\":\"https:\\\/\\\/naturisme.be\\\/fr\\\/#organization\",\"name\":\"Naturisme\",\"url\":\"https:\\\/\\\/naturisme.be\\\/fr\\\/\",\"logo\":{\"@type\":\"ImageObject\",\"inLanguage\":\"fr-FR\",\"@id\":\"https:\\\/\\\/naturisme.be\\\/fr\\\/#\\\/schema\\\/logo\\\/image\\\/\",\"url\":\"https:\\\/\\\/naturisme.be\\\/wp-content\\\/uploads\\\/2019\\\/03\\\/fbn-zoekt-webmaster.jpg\",\"contentUrl\":\"https:\\\/\\\/naturisme.be\\\/wp-content\\\/uploads\\\/2019\\\/03\\\/fbn-zoekt-webmaster.jpg\",\"width\":260,\"height\":273,\"caption\":\"Naturisme\"},\"image\":{\"@id\":\"https:\\\/\\\/naturisme.be\\\/fr\\\/#\\\/schema\\\/logo\\\/image\\\/\"},\"sameAs\":[\"https:\\\/\\\/www.facebook.com\\\/FederationBelgeNaturisme\\\/\"]}]}<\/script>\n<!-- \/ Yoast SEO plugin. -->","yoast_head_json":{"title":"Conditions g\u00e9n\u00e9rales - Naturisme","robots":{"index":"index","follow":"follow","max-snippet":"max-snippet:-1","max-image-preview":"max-image-preview:large","max-video-preview":"max-video-preview:-1"},"canonical":"https:\/\/naturisme.be\/fr\/conditions-generales\/","og_locale":"fr_FR","og_type":"article","og_title":"Conditions g\u00e9n\u00e9rales - Naturisme","og_description":"Conditions g\u00e9n\u00e9rales Boutique FBN &nbsp; Article 1 : Statut La boutique en ligne est le point de vente en ligne de la FBN, la F\u00e9d\u00e9ration Belge [\u2026]","og_url":"https:\/\/naturisme.be\/fr\/conditions-generales\/","og_site_name":"Naturisme","article_publisher":"https:\/\/www.facebook.com\/FederationBelgeNaturisme\/","article_modified_time":"2023-09-27T17:17:21+00:00","twitter_card":"summary_large_image","twitter_misc":{"Dur\u00e9e de lecture estim\u00e9e":"3 minutes"},"schema":{"@context":"https:\/\/schema.org","@graph":[{"@type":"WebPage","@id":"https:\/\/naturisme.be\/fr\/conditions-generales\/","url":"https:\/\/naturisme.be\/fr\/conditions-generales\/","name":"Conditions g\u00e9n\u00e9rales - Naturisme","isPartOf":{"@id":"https:\/\/naturisme.be\/fr\/#website"},"datePublished":"2022-03-16T16:30:48+00:00","dateModified":"2023-09-27T17:17:21+00:00","breadcrumb":{"@id":"https:\/\/naturisme.be\/fr\/conditions-generales\/#breadcrumb"},"inLanguage":"fr-FR","potentialAction":[{"@type":"ReadAction","target":["https:\/\/naturisme.be\/fr\/conditions-generales\/"]}]},{"@type":"BreadcrumbList","@id":"https:\/\/naturisme.be\/fr\/conditions-generales\/#breadcrumb","itemListElement":[{"@type":"ListItem","position":1,"name":"Home","item":"https:\/\/naturisme.be\/fr\/"},{"@type":"ListItem","position":2,"name":"Conditions g\u00e9n\u00e9rales"}]},{"@type":"WebSite","@id":"https:\/\/naturisme.be\/fr\/#website","url":"https:\/\/naturisme.be\/fr\/","name":"Naturisme","description":"Federatie van Belgische naturisten","publisher":{"@id":"https:\/\/naturisme.be\/fr\/#organization"},"potentialAction":[{"@type":"SearchAction","target":{"@type":"EntryPoint","urlTemplate":"https:\/\/naturisme.be\/fr\/?s={search_term_string}"},"query-input":{"@type":"PropertyValueSpecification","valueRequired":true,"valueName":"search_term_string"}}],"inLanguage":"fr-FR"},{"@type":"Organization","@id":"https:\/\/naturisme.be\/fr\/#organization","name":"Naturisme","url":"https:\/\/naturisme.be\/fr\/","logo":{"@type":"ImageObject","inLanguage":"fr-FR","@id":"https:\/\/naturisme.be\/fr\/#\/schema\/logo\/image\/","url":"https:\/\/naturisme.be\/wp-content\/uploads\/2019\/03\/fbn-zoekt-webmaster.jpg","contentUrl":"https:\/\/naturisme.be\/wp-content\/uploads\/2019\/03\/fbn-zoekt-webmaster.jpg","width":260,"height":273,"caption":"Naturisme"},"image":{"@id":"https:\/\/naturisme.be\/fr\/#\/schema\/logo\/image\/"},"sameAs":["https:\/\/www.facebook.com\/FederationBelgeNaturisme\/"]}]}},"ticketed":false,"_links":{"self":[{"href":"https:\/\/naturisme.be\/fr\/wp-json\/wp\/v2\/pages\/15248","targetHints":{"allow":["GET"]}}],"collection":[{"href":"https:\/\/naturisme.be\/fr\/wp-json\/wp\/v2\/pages"}],"about":[{"href":"https:\/\/naturisme.be\/fr\/wp-json\/wp\/v2\/types\/page"}],"author":[{"embeddable":true,"href":"https:\/\/naturisme.be\/fr\/wp-json\/wp\/v2\/users\/1"}],"replies":[{"embeddable":true,"href":"https:\/\/naturisme.be\/fr\/wp-json\/wp\/v2\/comments?post=15248"}],"version-history":[{"count":22,"href":"https:\/\/naturisme.be\/fr\/wp-json\/wp\/v2\/pages\/15248\/revisions"}],"predecessor-version":[{"id":19199,"href":"https:\/\/naturisme.be\/fr\/wp-json\/wp\/v2\/pages\/15248\/revisions\/19199"}],"wp:attachment":[{"href":"https:\/\/naturisme.be\/fr\/wp-json\/wp\/v2\/media?parent=15248"}],"curies":[{"name":"wp","href":"https:\/\/api.w.org\/{rel}","templated":true}]}}