{"id":15267,"date":"2022-03-15T11:40:00","date_gmt":"2022-03-15T10:40:00","guid":{"rendered":"https:\/\/naturisme.be\/?page_id=15267"},"modified":"2022-03-23T17:27:37","modified_gmt":"2022-03-23T16:27:37","slug":"disclaimer","status":"publish","type":"page","link":"https:\/\/naturisme.be\/fr\/disclaimer\/","title":{"rendered":"Disclaimer"},"content":{"rendered":"\t\t<div data-elementor-type=\"wp-page\" data-elementor-id=\"15267\" class=\"elementor elementor-15267 elementor-14744\" data-elementor-post-type=\"page\">\n\t\t\t\t\t\t<section class=\"elementor-section elementor-top-section elementor-element elementor-element-366f6bc3 elementor-section-boxed elementor-section-height-default elementor-section-height-default\" data-id=\"366f6bc3\" data-element_type=\"section\" data-e-type=\"section\">\n\t\t\t\t\t\t<div class=\"elementor-container elementor-column-gap-default\">\n\t\t\t\t\t<div class=\"elementor-column elementor-col-100 elementor-top-column elementor-element elementor-element-31ad6139\" data-id=\"31ad6139\" data-element_type=\"column\" data-e-type=\"column\">\n\t\t\t<div class=\"elementor-widget-wrap elementor-element-populated\">\n\t\t\t\t\t\t<div class=\"elementor-element elementor-element-163d6abc elementor-widget elementor-widget-text-editor\" data-id=\"163d6abc\" data-element_type=\"widget\" data-e-type=\"widget\" data-widget_type=\"text-editor.default\">\n\t\t\t\t<div class=\"elementor-widget-container\">\n\t\t\t\t\t\t\t\t\t<p><strong>MERCI POUR VOTRE VISITE A www.naturisme.be<\/strong><\/p><p><br \/>En utilisant ce site web le client accepte ces conditions et r\u00e8gles g\u00e9n\u00e9rales mentionn\u00e9es ci-dessous<\/p><p><br \/><strong>RESPONSABILITE<\/strong><\/p><p>L\u2019administrateur ne peut en aucun cas \u00eatre tenu responsable<\/p><p>* d\u2019un dysfonctionnement quelconque, ni des probl\u00e8mes directes et indirectes qui s\u2019en suivent (inclus et sans limitation, de toutes pertes de profits ou de chiffre d\u2019affaires, arr\u00eats de travail, d\u00e9g\u00e2ts aux programmes, autres donn\u00e9es, appareils ou autres de l\u2019utilisateur).<\/p><p>* d\u2019un mauvais fonctionnement ou d\u2019une indisponibilit\u00e9 temporaire.<\/p><p><br \/><strong>SECURITE<\/strong><\/p><p>L\u2019administrateur fera tout ce qui est dans sa possibilit\u00e9 pour garder la confidentialit\u00e9 des donn\u00e9es. Pour toutes les donn\u00e9es envoy\u00e9es par interm\u00e9diaire du site web, l\u2019utilisateur reconnait savoir que l\u2019utilisation d\u2019internet n\u2019est jamais compl\u00e9tement sans risques. Toute perte suite \u00e0 l\u2019emploi par tiers de ces donn\u00e9es ne peut \u00eatre r\u00e9cup\u00e9r\u00e9e pr\u00e8s de l\u2019administrateur.<\/p><p>\u00a0<\/p><p><strong>EXACTITUDE<\/strong><\/p><p>L\u2019information de ce site web est d\u2019ordre g\u00e9n\u00e9ral. L\u2019information n\u2019est pas adapt\u00e9e aux besoins personnels ou sp\u00e9cifiques et ne peut donc pas \u00eatre employ\u00e9 comme conseil juridique ou professionnel. L\u2019administrateur du site web fait des grands efforts pour que l\u2019information mise \u00e0 disposition soit compl\u00e8te, exacte et mis \u00e0 jour.<\/p><p>N\u00e9anmoins ces efforts, il peut y avoir des fautes ou inexactitudes dans les informations mise \u00e0 disposition. Si vous constatez dans les informations inexactitudes sur le site web ou que le site est indisponible, vous pouvez<br \/>* Contacter l\u2019administrateur du site web<br \/>* L\u2019administrateur fera tout son possible pour corriger l\u2019inexactitude<\/p><p>Le contenu du site web (y compris ses liens) peut \u00eatre modifi\u00e9 et am\u00e9lior\u00e9 \u00e0 tout moment sans pr\u00e9avis de la part de l\u2019administrateur.<\/p><p>\u00a0<\/p><p><strong>DROITS D\u2019AUTEUR<\/strong><\/p><p>Le contenu du site web est prot\u00e9g\u00e9 par les droits de propri\u00e9t\u00e9 intellectuelle, autrement dit, le contenu peut \u00eatre lu et t\u00e9l\u00e9charg\u00e9. Rien du site ne peut \u00eatre reproduit, adapt\u00e9, \u00e9dit\u00e9, traduit, diffue, vendu, publi\u00e9 ou exploit\u00e9 pour des fins commerciales sans autorisation par \u00e9crit de l\u2019administrateur.<\/p><p>\u00a0<\/p><p><strong>PRIVACY <\/strong><\/p><p>L\u2019administrateur de ce site web tient beaucoup d\u2019importance \u00e0 l\u2019aspect priv\u00e9 des donn\u00e9es. Bien que la plupart de l\u2019information sur ce site web soit disponible sans que les donn\u00e9es \u00e0 caract\u00e8re personnel doivent \u00eatre procur\u00e9es, il est possible qu\u2019on vous demande d\u2019introduire vos donn\u00e9es personnelles.<\/p><p>Cette information personnelle ne sera utilis\u00e9e que dans le cadre de la gestion des donn\u00e9es du client afin de pouvoir le tenir au courant de nos activit\u00e9s et promotions et ne seront jamais transf\u00e9r\u00e9es \u00e0 des tiers. L\u2019utilisateur peut toujours exiger sans frais et sur simple demande que ces donn\u00e9es personnelles ne soient pas utilis\u00e9es pour de la commercialisation. Suite \u00e0 la loi du 8\/12\/1992 l\u2019utilisateur \u00e0 l\u00e9galement le droit de consulter et \u00e9ventuellement rectifier ces propres donn\u00e9es.<\/p><p><br \/>Suite \u00e0 une preuve d\u2019identification (copie de la carte d\u2019identit\u00e9) l\u2019utilisateur peut faire une demande en envoyant une lettre dat\u00e9e et sign\u00e9e. Si n\u00e9cessaire, il peut aussi demander de rectifier les donn\u00e9es inexactes, incompl\u00e8tes ou non pertinentes.<br \/>L\u2019administrateur peut rassembler des donn\u00e9es anonymes ou agr\u00e9es, de nature non personnelle comme le type de navigateur web, l\u2019adresse IP, le syst\u00e8me d\u2019exploitation utilis\u00e9s ou le nom de domaine du site web par lequel l\u2019utilisateur est entr\u00e9 ou sorti verse ce site web. Ceci permet d\u2019optimaliser en permanence le site web pour ses utilisateurs.<\/p><p>\u00a0<\/p><p><strong>LIENS VERS www.naturisme.be<\/strong><br \/><br \/>Il est possible de mettre des liens sur un site web externe mais l\u2019administrateur de ce site web ne peut en aucun cas \u00eatre tenu responsable de ces liens.<\/p><p>\u00a0<\/p><p><strong>LIENS VERS AUTRE SITES WEB<\/strong><br \/><br \/>Ce site web peut contenir des hyperliens vers des autres sites web ou vers des pages g\u00e9r\u00e9es par des tiers o\u00f9 y r\u00e9f\u00e9rer. Le fait de mentionner ces liens vers ces sites web n\u2019implique pas que l\u2019administrateur approuve les \u00e9l\u00e9ments que ces sites contiennent et n\u2019implique pas non plus une collaboration entre le site web et les propri\u00e9taires de ces autres sites. L\u2019administrateur ne g\u00e8re pas ces sites et n\u2019accepte donc aucune responsabilit\u00e9 pour le contenu, d\u00e9dommagements de frais ou dommages suite \u00e0 l\u2019utilisation de ces liens. Il est vivement conseill\u00e9 de lire les modes d\u2019emplois attentivement avant d\u2019utiliser ces sites externes et en particulier les notes sur l\u2019aspect priv\u00e9.<\/p><p>\u00a0<\/p><p><strong>UTILISATION DE COOKIES<\/strong><br \/><br \/>Suite \u00e0 une visite au site web, il est possible que des cookies soient plac\u00e9s sur le disque dur. Ces \u2018mini fichiers\u2019 ne sont utilis\u00e9s que pour am\u00e9liorer l\u2019utilisation du site suivant les besoins personnels de l\u2019utilisateur. Les cookies ne seront jamais utilis\u00e9s pour suivre le comportement de l\u2019utilisateur sur des autres sites.<br \/>Le navigateur web peut \u00e9ventuellement bloquer l\u2019utilisation des cookies, pr\u00e9venir l\u2019utilisateur de l\u2019installation de cookies ou faire de sorte que les cookies ne seront pas stock\u00e9s sur le disque dur. Pour ceci, veuillez conseiller la fonction \u2018Help\u2019 du navigateur web.<\/p><p>\u00a0<\/p><p><strong>GOOGLE ANALYTICS<\/strong><br \/><br \/>Le site web utilise Google Analytics, un service d\u2019analyse du web qui est offert par Google Inc. (aka \u2018Google\u2019). Pour cette analyse Google Analytics utilise des cookies. L\u2019information rassembl\u00e9e sur l\u2019utilisation du site web (inclus l\u2019adresse IP) est transmise et stock\u00e9e par Google sur des servers aux Etats Unis.<br \/>Google utilise ces informations pour savoir comment le site web est utilis\u00e9, faire des rapports sur l\u2019activit\u00e9 sur le site web et offrir des services sur l\u2019activit\u00e9 et l\u2019utilisation du site. Google peut transmettre cette information \u00e0 des tiers suite \u00e0 une obligation l\u00e9gale ou pour autant qu\u2019elle soit transmise \u00e0 des personnes travaillant pour Google m\u00eame. Google ne peut pas combiner l\u2019adresse IP avec d\u2019autres donn\u00e9es dont il dispose. En utilisant ce site web vous approuvez que Google dispose de cette information et l\u2019utilise suivant les r\u00e8gles d\u00e9crites ci-dessus.<\/p><p>\u00a0<\/p><p><strong>ADAPTATIONS<\/strong><br \/><br \/>L\u2019administrateur peut \u00e0 tout moment et sans avis pr\u00e9alable changer les d\u00e9finitions et r\u00e8gles qui s\u2019appliquent. Les r\u00e8gles adapt\u00e9es seront publi\u00e9es sur le site et sont en vigueur d\u00e8s leur publication. Le client accepte les conditions et r\u00e8gles g\u00e9n\u00e9rales. Chaque client est suppos\u00e9 d\u2019avoir pris connaissance de ces r\u00e8gles et de consulter r\u00e9guli\u00e8rement les r\u00e8gles sur le site.<\/p><p>\u00a0<\/p><p><strong>LOI APPLICABLE<\/strong><br \/><br \/>Les conditions g\u00e9n\u00e9rales et chaque accord qui suit \u00e0 l\u2019utilisation du site ou des donn\u00e9s du site sont ma\u00eetris\u00e9s et expliqu\u00e9s conforme la l\u00e9gislation Belge. Tous les conflits juridiques d\u00e9coulant de ou li\u00e9e \u00e0 ces conditions g\u00e9n\u00e9rales et de toute utilisation du site web seront soumis aux tribunaux de l\u2019arrondissement judiciaire de Gent, Flandre Orientale.<\/p><p>\u00a0<\/p><p><strong>CONVENTION<\/strong><\/p><p>Ce n\u2019est que le texte r\u00e9dig\u00e9 en n\u00e9erlandais qui est valable en tant que convention. Le texte en fran\u00e7ais est une traduction \u00e0 l\u2019attention du client. En cas de contradiction entre elles, celle-ci sert alors sans incidence.<br \/><br \/><br \/><strong>L\u2019ADMINISTRATEUR DE CE WEBSITE<\/strong><\/p><p>www.naturisme.be est publi\u00e9 et administr\u00e9 par FBN &#8211; e-mail: info [at] naturisme [dot] be.<\/p><p>\u00a0<\/p><p><strong>DATE DE LA DERNI\u00c8RE MODIFICATION<\/strong><\/p><p>Mardi 15\/03\/2022.<\/p>\t\t\t\t\t\t\t\t<\/div>\n\t\t\t\t<\/div>\n\t\t\t\t\t<\/div>\n\t\t<\/div>\n\t\t\t\t\t<\/div>\n\t\t<\/section>\n\t\t\t\t<\/div>\n\t\t","protected":false},"excerpt":{"rendered":"<p>MERCI POUR VOTRE VISITE A www.naturisme.be En utilisant ce site web le client accepte ces conditions et r\u00e8gles g\u00e9n\u00e9rales mentionn\u00e9es ci-dessous RESPONSABILITE L\u2019administrateur ne peut en<span class=\"excerpt-hellip\"> [\u2026]<\/span><\/p>\n","protected":false},"author":1,"featured_media":0,"parent":0,"menu_order":0,"comment_status":"closed","ping_status":"closed","template":"","meta":{"_price":"","_stock":"","_tribe_ticket_header":"","_tribe_default_ticket_provider":"","_tribe_ticket_capacity":"0","_ticket_start_date":"","_ticket_end_date":"","_tribe_ticket_show_description":"","_tribe_ticket_show_not_going":false,"_tribe_ticket_use_global_stock":"","_tribe_ticket_global_stock_level":"","_global_stock_mode":"","_global_stock_cap":"","_tribe_rsvp_for_event":"","_tribe_ticket_going_count":"","_tribe_ticket_not_going_count":"","_tribe_tickets_list":"[]","_tribe_ticket_has_attendee_info_fields":false,"footnotes":"","_tec_slr_enabled":"","_tec_slr_layout":""},"class_list":["post-15267","page","type-page","status-publish","hentry"],"yoast_head":"<!-- This site is optimized with the Yoast SEO plugin v27.5 - https:\/\/yoast.com\/product\/yoast-seo-wordpress\/ -->\n<title>Disclaimer - Naturisme<\/title>\n<meta name=\"robots\" content=\"index, follow, max-snippet:-1, max-image-preview:large, max-video-preview:-1\" \/>\n<link rel=\"canonical\" href=\"https:\/\/naturisme.be\/fr\/disclaimer\/\" \/>\n<meta property=\"og:locale\" content=\"fr_FR\" \/>\n<meta property=\"og:type\" content=\"article\" \/>\n<meta property=\"og:title\" content=\"Disclaimer - Naturisme\" \/>\n<meta property=\"og:description\" content=\"MERCI POUR VOTRE VISITE A www.naturisme.be En utilisant ce site web le client accepte ces conditions et r\u00e8gles g\u00e9n\u00e9rales mentionn\u00e9es ci-dessous RESPONSABILITE L\u2019administrateur ne peut en [\u2026]\" \/>\n<meta property=\"og:url\" content=\"https:\/\/naturisme.be\/fr\/disclaimer\/\" \/>\n<meta property=\"og:site_name\" content=\"Naturisme\" \/>\n<meta property=\"article:publisher\" content=\"https:\/\/www.facebook.com\/FederationBelgeNaturisme\/\" \/>\n<meta property=\"article:modified_time\" content=\"2022-03-23T16:27:37+00:00\" \/>\n<meta name=\"twitter:card\" content=\"summary_large_image\" \/>\n<meta name=\"twitter:label1\" content=\"Dur\u00e9e de lecture estim\u00e9e\" \/>\n\t<meta name=\"twitter:data1\" content=\"6 minutes\" \/>\n<script type=\"application\/ld+json\" class=\"yoast-schema-graph\">{\"@context\":\"https:\\\/\\\/schema.org\",\"@graph\":[{\"@type\":\"WebPage\",\"@id\":\"https:\\\/\\\/naturisme.be\\\/fr\\\/disclaimer\\\/\",\"url\":\"https:\\\/\\\/naturisme.be\\\/fr\\\/disclaimer\\\/\",\"name\":\"Disclaimer - Naturisme\",\"isPartOf\":{\"@id\":\"https:\\\/\\\/naturisme.be\\\/fr\\\/#website\"},\"datePublished\":\"2022-03-15T10:40:00+00:00\",\"dateModified\":\"2022-03-23T16:27:37+00:00\",\"breadcrumb\":{\"@id\":\"https:\\\/\\\/naturisme.be\\\/fr\\\/disclaimer\\\/#breadcrumb\"},\"inLanguage\":\"fr-FR\",\"potentialAction\":[{\"@type\":\"ReadAction\",\"target\":[\"https:\\\/\\\/naturisme.be\\\/fr\\\/disclaimer\\\/\"]}]},{\"@type\":\"BreadcrumbList\",\"@id\":\"https:\\\/\\\/naturisme.be\\\/fr\\\/disclaimer\\\/#breadcrumb\",\"itemListElement\":[{\"@type\":\"ListItem\",\"position\":1,\"name\":\"Home\",\"item\":\"https:\\\/\\\/naturisme.be\\\/fr\\\/\"},{\"@type\":\"ListItem\",\"position\":2,\"name\":\"Disclaimer\"}]},{\"@type\":\"WebSite\",\"@id\":\"https:\\\/\\\/naturisme.be\\\/fr\\\/#website\",\"url\":\"https:\\\/\\\/naturisme.be\\\/fr\\\/\",\"name\":\"Naturisme\",\"description\":\"Federatie van Belgische naturisten\",\"publisher\":{\"@id\":\"https:\\\/\\\/naturisme.be\\\/fr\\\/#organization\"},\"potentialAction\":[{\"@type\":\"SearchAction\",\"target\":{\"@type\":\"EntryPoint\",\"urlTemplate\":\"https:\\\/\\\/naturisme.be\\\/fr\\\/?s={search_term_string}\"},\"query-input\":{\"@type\":\"PropertyValueSpecification\",\"valueRequired\":true,\"valueName\":\"search_term_string\"}}],\"inLanguage\":\"fr-FR\"},{\"@type\":\"Organization\",\"@id\":\"https:\\\/\\\/naturisme.be\\\/fr\\\/#organization\",\"name\":\"Naturisme\",\"url\":\"https:\\\/\\\/naturisme.be\\\/fr\\\/\",\"logo\":{\"@type\":\"ImageObject\",\"inLanguage\":\"fr-FR\",\"@id\":\"https:\\\/\\\/naturisme.be\\\/fr\\\/#\\\/schema\\\/logo\\\/image\\\/\",\"url\":\"https:\\\/\\\/naturisme.be\\\/wp-content\\\/uploads\\\/2019\\\/03\\\/fbn-zoekt-webmaster.jpg\",\"contentUrl\":\"https:\\\/\\\/naturisme.be\\\/wp-content\\\/uploads\\\/2019\\\/03\\\/fbn-zoekt-webmaster.jpg\",\"width\":260,\"height\":273,\"caption\":\"Naturisme\"},\"image\":{\"@id\":\"https:\\\/\\\/naturisme.be\\\/fr\\\/#\\\/schema\\\/logo\\\/image\\\/\"},\"sameAs\":[\"https:\\\/\\\/www.facebook.com\\\/FederationBelgeNaturisme\\\/\"]}]}<\/script>\n<!-- \/ Yoast SEO plugin. -->","yoast_head_json":{"title":"Disclaimer - Naturisme","robots":{"index":"index","follow":"follow","max-snippet":"max-snippet:-1","max-image-preview":"max-image-preview:large","max-video-preview":"max-video-preview:-1"},"canonical":"https:\/\/naturisme.be\/fr\/disclaimer\/","og_locale":"fr_FR","og_type":"article","og_title":"Disclaimer - Naturisme","og_description":"MERCI POUR VOTRE VISITE A www.naturisme.be En utilisant ce site web le client accepte ces conditions et r\u00e8gles g\u00e9n\u00e9rales mentionn\u00e9es ci-dessous RESPONSABILITE L\u2019administrateur ne peut en [\u2026]","og_url":"https:\/\/naturisme.be\/fr\/disclaimer\/","og_site_name":"Naturisme","article_publisher":"https:\/\/www.facebook.com\/FederationBelgeNaturisme\/","article_modified_time":"2022-03-23T16:27:37+00:00","twitter_card":"summary_large_image","twitter_misc":{"Dur\u00e9e de lecture estim\u00e9e":"6 minutes"},"schema":{"@context":"https:\/\/schema.org","@graph":[{"@type":"WebPage","@id":"https:\/\/naturisme.be\/fr\/disclaimer\/","url":"https:\/\/naturisme.be\/fr\/disclaimer\/","name":"Disclaimer - Naturisme","isPartOf":{"@id":"https:\/\/naturisme.be\/fr\/#website"},"datePublished":"2022-03-15T10:40:00+00:00","dateModified":"2022-03-23T16:27:37+00:00","breadcrumb":{"@id":"https:\/\/naturisme.be\/fr\/disclaimer\/#breadcrumb"},"inLanguage":"fr-FR","potentialAction":[{"@type":"ReadAction","target":["https:\/\/naturisme.be\/fr\/disclaimer\/"]}]},{"@type":"BreadcrumbList","@id":"https:\/\/naturisme.be\/fr\/disclaimer\/#breadcrumb","itemListElement":[{"@type":"ListItem","position":1,"name":"Home","item":"https:\/\/naturisme.be\/fr\/"},{"@type":"ListItem","position":2,"name":"Disclaimer"}]},{"@type":"WebSite","@id":"https:\/\/naturisme.be\/fr\/#website","url":"https:\/\/naturisme.be\/fr\/","name":"Naturisme","description":"Federatie van Belgische naturisten","publisher":{"@id":"https:\/\/naturisme.be\/fr\/#organization"},"potentialAction":[{"@type":"SearchAction","target":{"@type":"EntryPoint","urlTemplate":"https:\/\/naturisme.be\/fr\/?s={search_term_string}"},"query-input":{"@type":"PropertyValueSpecification","valueRequired":true,"valueName":"search_term_string"}}],"inLanguage":"fr-FR"},{"@type":"Organization","@id":"https:\/\/naturisme.be\/fr\/#organization","name":"Naturisme","url":"https:\/\/naturisme.be\/fr\/","logo":{"@type":"ImageObject","inLanguage":"fr-FR","@id":"https:\/\/naturisme.be\/fr\/#\/schema\/logo\/image\/","url":"https:\/\/naturisme.be\/wp-content\/uploads\/2019\/03\/fbn-zoekt-webmaster.jpg","contentUrl":"https:\/\/naturisme.be\/wp-content\/uploads\/2019\/03\/fbn-zoekt-webmaster.jpg","width":260,"height":273,"caption":"Naturisme"},"image":{"@id":"https:\/\/naturisme.be\/fr\/#\/schema\/logo\/image\/"},"sameAs":["https:\/\/www.facebook.com\/FederationBelgeNaturisme\/"]}]}},"ticketed":false,"_links":{"self":[{"href":"https:\/\/naturisme.be\/fr\/wp-json\/wp\/v2\/pages\/15267","targetHints":{"allow":["GET"]}}],"collection":[{"href":"https:\/\/naturisme.be\/fr\/wp-json\/wp\/v2\/pages"}],"about":[{"href":"https:\/\/naturisme.be\/fr\/wp-json\/wp\/v2\/types\/page"}],"author":[{"embeddable":true,"href":"https:\/\/naturisme.be\/fr\/wp-json\/wp\/v2\/users\/1"}],"replies":[{"embeddable":true,"href":"https:\/\/naturisme.be\/fr\/wp-json\/wp\/v2\/comments?post=15267"}],"version-history":[{"count":4,"href":"https:\/\/naturisme.be\/fr\/wp-json\/wp\/v2\/pages\/15267\/revisions"}],"predecessor-version":[{"id":15272,"href":"https:\/\/naturisme.be\/fr\/wp-json\/wp\/v2\/pages\/15267\/revisions\/15272"}],"wp:attachment":[{"href":"https:\/\/naturisme.be\/fr\/wp-json\/wp\/v2\/media?parent=15267"}],"curies":[{"name":"wp","href":"https:\/\/api.w.org\/{rel}","templated":true}]}}