{"id":15286,"date":"2022-03-16T17:39:21","date_gmt":"2022-03-16T16:39:21","guid":{"rendered":"https:\/\/naturisme.be\/?page_id=15286"},"modified":"2022-03-23T18:37:18","modified_gmt":"2022-03-23T17:37:18","slug":"cookie-policy","status":"publish","type":"page","link":"https:\/\/naturisme.be\/fr\/cookie-policy\/","title":{"rendered":"Cookie policy"},"content":{"rendered":"\t\t<div data-elementor-type=\"wp-page\" data-elementor-id=\"15286\" class=\"elementor elementor-15286 elementor-14757\" data-elementor-post-type=\"page\">\n\t\t\t\t\t\t<section class=\"elementor-section elementor-top-section elementor-element elementor-element-366f6bc3 elementor-section-boxed elementor-section-height-default elementor-section-height-default\" data-id=\"366f6bc3\" data-element_type=\"section\" data-e-type=\"section\">\n\t\t\t\t\t\t<div class=\"elementor-container elementor-column-gap-default\">\n\t\t\t\t\t<div class=\"elementor-column elementor-col-100 elementor-top-column elementor-element elementor-element-31ad6139\" data-id=\"31ad6139\" data-element_type=\"column\" data-e-type=\"column\">\n\t\t\t<div class=\"elementor-widget-wrap elementor-element-populated\">\n\t\t\t\t\t\t<div class=\"elementor-element elementor-element-163d6abc elementor-widget elementor-widget-text-editor\" data-id=\"163d6abc\" data-element_type=\"widget\" data-e-type=\"widget\" data-widget_type=\"text-editor.default\">\n\t\t\t\t<div class=\"elementor-widget-container\">\n\t\t\t\t\t\t\t\t\t<h2><strong>Cookie policy FBN<\/strong><\/h2><p><strong>\u00a0<\/strong><\/p><p><strong>Cookies<\/strong><\/p><p>Naturisme.be utilise des cookies pour vous offrir une meilleure exp\u00e9rience sur notre site web.<\/p><p><br \/>Les cookies sont de petits fichiers texte qui sont stock\u00e9s dans votre navigateur ou sur le disque dur de votre ordinateur ou appareil mobile lorsque vous visitez notre site. \u00c0 moins que vous n&rsquo;ayez r\u00e9gl\u00e9 les param\u00e8tres de votre navigateur pour refuser les cookies, les cookies seront plac\u00e9s d\u00e8s que vous utiliserez notre site web.<\/p><p><br \/>Les cookies nous aident \u00e0 am\u00e9liorer le fonctionnement de notre site web et \u00e0 comprendre les int\u00e9r\u00eats de nos visiteurs.<\/p><p>\u00a0<\/p><p><strong>Quels sont les cookies que nous utilisons ?<\/strong><\/p><p>\u00a0<\/p><p><strong>Cookies fonctionnels<\/strong><\/p><p>Les cookies fonctionnels sont n\u00e9cessaires pour que le site web fonctionne de mani\u00e8re optimale. Ils garantissent, entre autres, l&rsquo;enregistrement de vos pr\u00e9f\u00e9rences linguistiques, de vos donn\u00e9es de connexion et des produits s\u00e9lectionn\u00e9s dans votre panier.<\/p><p><strong>Cookies analytiques<\/strong><\/p><p>Afin d&rsquo;am\u00e9liorer notre site web et de vous fournir un meilleur service, nous analysons le comportement de navigation de nos utilisateurs sur une base anonyme. Les donn\u00e9es suivantes, entre autres, sont stock\u00e9es :<\/p><ul><li>Les caract\u00e9ristiques techniques telles que le type de navigateur et d&rsquo;appareil<\/li><li>Quand et combien de temps vous avez visit\u00e9 le site web<\/li><li>Les pages que vous avez consult\u00e9es<\/li><li>Vitesse de chargement d&rsquo;une page<\/li><\/ul><p>Ces donn\u00e9es sont collect\u00e9es par Google Analytics, voir ci-dessous.<\/p><p><strong>Cookies de m\u00e9dias sociaux<\/strong><\/p><p>Naturisme.be peut \u00e9galement contenir du contenu de tiers, comme des vid\u00e9os diffus\u00e9es par Youtube ou des cartes provenant de Google Maps. Ce contenu est stock\u00e9 sur un autre site web, mais est affich\u00e9 sur notre site web. En outre, le contenu de Naturisme.be peut \u00eatre partag\u00e9 \u00e0 l&rsquo;aide de boutons de \u00ab\u00a0partage\u00a0\u00bb. Cela peut permettre aux m\u00e9dias sociaux de placer des cookies sur notre site web et de collecter des donn\u00e9es. Nous nous r\u00e9f\u00e9rons \u00e0 la d\u00e9claration de confidentialit\u00e9 du m\u00e9dia social.<\/p><p>\u00a0<\/p><p><strong>Google Analytics<\/strong><\/p><p>Ce site Web utilise Google Analytics, un service d&rsquo;analyse du Web fourni par Google Inc. (\u00ab\u00a0Google\u00a0\u00bb). Google Analytics utilise des cookies pour analyser l&rsquo;utilisation du site web. Les informations g\u00e9n\u00e9r\u00e9es par les cookies concernant votre utilisation du site (y compris votre adresse IP) sont transmises et stock\u00e9es par Google sur des serveurs situ\u00e9s aux \u00c9tats-Unis.<\/p><p>Google utilise ces informations pour suivre la fa\u00e7on dont le site est consult\u00e9, pour compiler des rapports sur l&rsquo;activit\u00e9 du site \u00e0 l&rsquo;intention de son exploitant et pour fournir d&rsquo;autres services li\u00e9s \u00e0 l&rsquo;activit\u00e9 du site et \u00e0 l&rsquo;utilisation d&rsquo;Internet. Google peut \u00e9galement transmettre ces informations \u00e0 des tiers si la loi l&rsquo;exige ou si ces tiers traitent ces informations pour le compte de Google. Google n&rsquo;associera pas votre adresse IP \u00e0 d&rsquo;autres donn\u00e9es d\u00e9tenues par Google. En utilisant ce site Web, vous consentez au traitement des donn\u00e9es vous concernant par Google de la mani\u00e8re et aux fins d\u00e9crites ci-dessus.<\/p><p>\u00a0<\/p><p><strong>Puis-je refuser l&rsquo;utilisation de cookies ?<\/strong><\/p><p>La plupart des navigateurs peuvent \u00eatre configur\u00e9s de mani\u00e8re \u00e0 ce que les cookies ne soient pas accept\u00e9s ou que vous soyez inform\u00e9 d\u00e8s que vous recevez un cookie. Vous pouvez \u00e9galement supprimer les cookies d\u00e9j\u00e0 install\u00e9s dans votre navigateur. Pour plus d&rsquo;informations, veuillez consulter la fonction \u00ab\u00a0Aide\u00a0\u00bb de votre navigateur web. Veuillez noter que si vous n&rsquo;autorisez pas les cookies, certaines parties de notre site web peuvent ne pas fonctionner correctement.<\/p>\t\t\t\t\t\t\t\t<\/div>\n\t\t\t\t<\/div>\n\t\t\t\t\t<\/div>\n\t\t<\/div>\n\t\t\t\t\t<\/div>\n\t\t<\/section>\n\t\t\t\t<\/div>\n\t\t","protected":false},"excerpt":{"rendered":"<p>Cookie policy FBN \u00a0 Cookies Naturisme.be utilise des cookies pour vous offrir une meilleure exp\u00e9rience sur notre site web. Les cookies sont de petits fichiers texte<span class=\"excerpt-hellip\"> [\u2026]<\/span><\/p>\n","protected":false},"author":1,"featured_media":0,"parent":0,"menu_order":0,"comment_status":"closed","ping_status":"closed","template":"","meta":{"_price":"","_stock":"","_tribe_ticket_header":"","_tribe_default_ticket_provider":"","_tribe_ticket_capacity":"0","_ticket_start_date":"","_ticket_end_date":"","_tribe_ticket_show_description":"","_tribe_ticket_show_not_going":false,"_tribe_ticket_use_global_stock":"","_tribe_ticket_global_stock_level":"","_global_stock_mode":"","_global_stock_cap":"","_tribe_rsvp_for_event":"","_tribe_ticket_going_count":"","_tribe_ticket_not_going_count":"","_tribe_tickets_list":"[]","_tribe_ticket_has_attendee_info_fields":false,"footnotes":"","_tec_slr_enabled":"","_tec_slr_layout":""},"class_list":["post-15286","page","type-page","status-publish","hentry"],"yoast_head":"<!-- This site is optimized with the Yoast SEO plugin v27.5 - https:\/\/yoast.com\/product\/yoast-seo-wordpress\/ -->\n<title>Cookie policy - Naturisme<\/title>\n<meta name=\"robots\" content=\"index, follow, max-snippet:-1, max-image-preview:large, max-video-preview:-1\" \/>\n<link rel=\"canonical\" href=\"https:\/\/naturisme.be\/fr\/cookie-policy\/\" \/>\n<meta property=\"og:locale\" content=\"fr_FR\" \/>\n<meta property=\"og:type\" content=\"article\" \/>\n<meta property=\"og:title\" content=\"Cookie policy - Naturisme\" \/>\n<meta property=\"og:description\" content=\"Cookie policy FBN \u00a0 Cookies Naturisme.be utilise des cookies pour vous offrir une meilleure exp\u00e9rience sur notre site web. Les cookies sont de petits fichiers texte [\u2026]\" \/>\n<meta property=\"og:url\" content=\"https:\/\/naturisme.be\/fr\/cookie-policy\/\" \/>\n<meta property=\"og:site_name\" content=\"Naturisme\" \/>\n<meta property=\"article:publisher\" content=\"https:\/\/www.facebook.com\/FederationBelgeNaturisme\/\" \/>\n<meta property=\"article:modified_time\" content=\"2022-03-23T17:37:18+00:00\" \/>\n<meta name=\"twitter:card\" content=\"summary_large_image\" \/>\n<meta name=\"twitter:label1\" content=\"Dur\u00e9e de lecture estim\u00e9e\" \/>\n\t<meta name=\"twitter:data1\" content=\"3 minutes\" \/>\n<script type=\"application\/ld+json\" class=\"yoast-schema-graph\">{\"@context\":\"https:\\\/\\\/schema.org\",\"@graph\":[{\"@type\":\"WebPage\",\"@id\":\"https:\\\/\\\/naturisme.be\\\/fr\\\/cookie-policy\\\/\",\"url\":\"https:\\\/\\\/naturisme.be\\\/fr\\\/cookie-policy\\\/\",\"name\":\"Cookie policy - Naturisme\",\"isPartOf\":{\"@id\":\"https:\\\/\\\/naturisme.be\\\/fr\\\/#website\"},\"datePublished\":\"2022-03-16T16:39:21+00:00\",\"dateModified\":\"2022-03-23T17:37:18+00:00\",\"breadcrumb\":{\"@id\":\"https:\\\/\\\/naturisme.be\\\/fr\\\/cookie-policy\\\/#breadcrumb\"},\"inLanguage\":\"fr-FR\",\"potentialAction\":[{\"@type\":\"ReadAction\",\"target\":[\"https:\\\/\\\/naturisme.be\\\/fr\\\/cookie-policy\\\/\"]}]},{\"@type\":\"BreadcrumbList\",\"@id\":\"https:\\\/\\\/naturisme.be\\\/fr\\\/cookie-policy\\\/#breadcrumb\",\"itemListElement\":[{\"@type\":\"ListItem\",\"position\":1,\"name\":\"Home\",\"item\":\"https:\\\/\\\/naturisme.be\\\/fr\\\/\"},{\"@type\":\"ListItem\",\"position\":2,\"name\":\"Cookie policy\"}]},{\"@type\":\"WebSite\",\"@id\":\"https:\\\/\\\/naturisme.be\\\/fr\\\/#website\",\"url\":\"https:\\\/\\\/naturisme.be\\\/fr\\\/\",\"name\":\"Naturisme\",\"description\":\"Federatie van Belgische naturisten\",\"publisher\":{\"@id\":\"https:\\\/\\\/naturisme.be\\\/fr\\\/#organization\"},\"potentialAction\":[{\"@type\":\"SearchAction\",\"target\":{\"@type\":\"EntryPoint\",\"urlTemplate\":\"https:\\\/\\\/naturisme.be\\\/fr\\\/?s={search_term_string}\"},\"query-input\":{\"@type\":\"PropertyValueSpecification\",\"valueRequired\":true,\"valueName\":\"search_term_string\"}}],\"inLanguage\":\"fr-FR\"},{\"@type\":\"Organization\",\"@id\":\"https:\\\/\\\/naturisme.be\\\/fr\\\/#organization\",\"name\":\"Naturisme\",\"url\":\"https:\\\/\\\/naturisme.be\\\/fr\\\/\",\"logo\":{\"@type\":\"ImageObject\",\"inLanguage\":\"fr-FR\",\"@id\":\"https:\\\/\\\/naturisme.be\\\/fr\\\/#\\\/schema\\\/logo\\\/image\\\/\",\"url\":\"https:\\\/\\\/naturisme.be\\\/wp-content\\\/uploads\\\/2019\\\/03\\\/fbn-zoekt-webmaster.jpg\",\"contentUrl\":\"https:\\\/\\\/naturisme.be\\\/wp-content\\\/uploads\\\/2019\\\/03\\\/fbn-zoekt-webmaster.jpg\",\"width\":260,\"height\":273,\"caption\":\"Naturisme\"},\"image\":{\"@id\":\"https:\\\/\\\/naturisme.be\\\/fr\\\/#\\\/schema\\\/logo\\\/image\\\/\"},\"sameAs\":[\"https:\\\/\\\/www.facebook.com\\\/FederationBelgeNaturisme\\\/\"]}]}<\/script>\n<!-- \/ Yoast SEO plugin. -->","yoast_head_json":{"title":"Cookie policy - Naturisme","robots":{"index":"index","follow":"follow","max-snippet":"max-snippet:-1","max-image-preview":"max-image-preview:large","max-video-preview":"max-video-preview:-1"},"canonical":"https:\/\/naturisme.be\/fr\/cookie-policy\/","og_locale":"fr_FR","og_type":"article","og_title":"Cookie policy - Naturisme","og_description":"Cookie policy FBN \u00a0 Cookies Naturisme.be utilise des cookies pour vous offrir une meilleure exp\u00e9rience sur notre site web. Les cookies sont de petits fichiers texte [\u2026]","og_url":"https:\/\/naturisme.be\/fr\/cookie-policy\/","og_site_name":"Naturisme","article_publisher":"https:\/\/www.facebook.com\/FederationBelgeNaturisme\/","article_modified_time":"2022-03-23T17:37:18+00:00","twitter_card":"summary_large_image","twitter_misc":{"Dur\u00e9e de lecture estim\u00e9e":"3 minutes"},"schema":{"@context":"https:\/\/schema.org","@graph":[{"@type":"WebPage","@id":"https:\/\/naturisme.be\/fr\/cookie-policy\/","url":"https:\/\/naturisme.be\/fr\/cookie-policy\/","name":"Cookie policy - Naturisme","isPartOf":{"@id":"https:\/\/naturisme.be\/fr\/#website"},"datePublished":"2022-03-16T16:39:21+00:00","dateModified":"2022-03-23T17:37:18+00:00","breadcrumb":{"@id":"https:\/\/naturisme.be\/fr\/cookie-policy\/#breadcrumb"},"inLanguage":"fr-FR","potentialAction":[{"@type":"ReadAction","target":["https:\/\/naturisme.be\/fr\/cookie-policy\/"]}]},{"@type":"BreadcrumbList","@id":"https:\/\/naturisme.be\/fr\/cookie-policy\/#breadcrumb","itemListElement":[{"@type":"ListItem","position":1,"name":"Home","item":"https:\/\/naturisme.be\/fr\/"},{"@type":"ListItem","position":2,"name":"Cookie policy"}]},{"@type":"WebSite","@id":"https:\/\/naturisme.be\/fr\/#website","url":"https:\/\/naturisme.be\/fr\/","name":"Naturisme","description":"Federatie van Belgische naturisten","publisher":{"@id":"https:\/\/naturisme.be\/fr\/#organization"},"potentialAction":[{"@type":"SearchAction","target":{"@type":"EntryPoint","urlTemplate":"https:\/\/naturisme.be\/fr\/?s={search_term_string}"},"query-input":{"@type":"PropertyValueSpecification","valueRequired":true,"valueName":"search_term_string"}}],"inLanguage":"fr-FR"},{"@type":"Organization","@id":"https:\/\/naturisme.be\/fr\/#organization","name":"Naturisme","url":"https:\/\/naturisme.be\/fr\/","logo":{"@type":"ImageObject","inLanguage":"fr-FR","@id":"https:\/\/naturisme.be\/fr\/#\/schema\/logo\/image\/","url":"https:\/\/naturisme.be\/wp-content\/uploads\/2019\/03\/fbn-zoekt-webmaster.jpg","contentUrl":"https:\/\/naturisme.be\/wp-content\/uploads\/2019\/03\/fbn-zoekt-webmaster.jpg","width":260,"height":273,"caption":"Naturisme"},"image":{"@id":"https:\/\/naturisme.be\/fr\/#\/schema\/logo\/image\/"},"sameAs":["https:\/\/www.facebook.com\/FederationBelgeNaturisme\/"]}]}},"ticketed":false,"_links":{"self":[{"href":"https:\/\/naturisme.be\/fr\/wp-json\/wp\/v2\/pages\/15286","targetHints":{"allow":["GET"]}}],"collection":[{"href":"https:\/\/naturisme.be\/fr\/wp-json\/wp\/v2\/pages"}],"about":[{"href":"https:\/\/naturisme.be\/fr\/wp-json\/wp\/v2\/types\/page"}],"author":[{"embeddable":true,"href":"https:\/\/naturisme.be\/fr\/wp-json\/wp\/v2\/users\/1"}],"replies":[{"embeddable":true,"href":"https:\/\/naturisme.be\/fr\/wp-json\/wp\/v2\/comments?post=15286"}],"version-history":[{"count":4,"href":"https:\/\/naturisme.be\/fr\/wp-json\/wp\/v2\/pages\/15286\/revisions"}],"predecessor-version":[{"id":15291,"href":"https:\/\/naturisme.be\/fr\/wp-json\/wp\/v2\/pages\/15286\/revisions\/15291"}],"wp:attachment":[{"href":"https:\/\/naturisme.be\/fr\/wp-json\/wp\/v2\/media?parent=15286"}],"curies":[{"name":"wp","href":"https:\/\/api.w.org\/{rel}","templated":true}]}}